{"id":97,"date":"2021-08-30T08:11:47","date_gmt":"2021-08-30T07:11:47","guid":{"rendered":"https:\/\/risk-quickcheck.de\/?page_id=97"},"modified":"2021-08-30T08:11:47","modified_gmt":"2021-08-30T07:11:47","slug":"impressum","status":"publish","type":"page","link":"https:\/\/risk-quickcheck.de\/?page_id=97","title":{"rendered":"Impressum"},"content":{"rendered":"\n<p>Die Otto-von-Guericke-Universit\u00e4t Magdeburg ist eine K\u00f6rperschaft des \u00f6ffentlichen Rechts.<br>Sie wird vertreten durch den Rektor:<br>Prof. Dr.-Ing. Jens Strackeljan<br>Universit\u00e4tsplatz 2<br>D-39106 Magdeburg<br>Telefon: 49-(0)391-6701 (Telefonzentrale)<br>Telefax: 49-(0)391-67-11157<br>E-Mail: <a href=\"mailto:rektor@uni-magdeburg.de\">rektor@ovgu.de<\/a><\/p>\n\n\n\n<p>Zust\u00e4ndige Aufsichtsbeh\u00f6rde:<br>Ministerium f\u00fcr Wissenschaft und Wirtschaft des Landes Sachsen-Anhalt<br>Hasselbachstra\u00dfe 4<br>39104 Magdeburg<br>E-Mail: <a href=\"mailto:poststelle@mw.sachsen-anhalt.de\">poststelle@mw.sachsen-anhalt.de<\/a><\/p>\n\n\n\n<p><strong>Umsatzsteueridentifikationsnummer<\/strong><\/p>\n\n\n\n<p>DE 139 238 413<\/p>\n\n\n\n<p>Die redaktionelle Verantwortlichkeit f\u00fcr diese Webseite liegt beim Institut f\u00fcr Arbeitswissenschaft, Fabrikautomatisierung und Fabrikbetrieb der Otto-von-Guericke-Universit\u00e4t Magdeburg. Bei Fragen, Hinweisen, etc. schreiben Sie bitte an: <a href=\"mailto:iaf@ovgu.de\">iaf@ovgu.de<\/a><\/p>\n\n\n\n<p><strong>Disclaimer<\/strong><\/p>\n\n\n\n<p>Die auf dieser Website enthaltenen Informationen sind mit gr\u00f6\u00dftm\u00f6glicher Sorgfalt erfolgt. Gleichwohl \u00fcbernimmt die Otto-von-Guericke-Universit\u00e4t Magdeburg keine Gew\u00e4hr f\u00fcr die Aktualit\u00e4t, Korrektheit, Vollst\u00e4ndigkeit oder Qualit\u00e4t der bereitgestellten Informationen. Die Otto-von-Guericke-Universit\u00e4t Magdeburg bzw. die f\u00fcr die Erstellung dieser Website Verantwortlichen haften nicht f\u00fcr Sch\u00e4den materieller oder immaterieller Art, die durch die Nutzung oder Nichtnutzung dieser Informationen oder durch die Nutzung fehlerhafter und unvollst\u00e4ndiger Informationen verursacht wurden, es sei denn, sie beruhen auf Vorsatz oder grober Fahrl\u00e4ssigkeit. Alle Internetangebote sind freibleibend und unverbindlich. Die Otto-von-Guericke-Universit\u00e4t Magdeburg beh\u00e4lt sich vor, Teile ihrer Webseiten oder das gesamte Internetangebot ohne vorherige Bekanntmachung zu ver\u00e4ndern, zu erg\u00e4nzen, zu l\u00f6schen oder die Ver\u00f6ffentlichung zeitweise oder endg\u00fcltig einzustellen.<\/p>\n\n\n\n<p><strong>Links<\/strong><\/p>\n\n\n\n<p>Soweit die Otto-von-Guericke-Universit\u00e4t Magdeburg direkt oder indirekt auf fremde Webseiten verweist (\u201eHyperlinks\u201c), ist sie f\u00fcr deren Inhalte nicht verantwortlich. Der Inhalt der verlinkten Webseiten liegt nicht im Verantwortungsbereich der Otto-von-Guericke-Universit\u00e4t Magdeburg, sondern ausschlie\u00dflich bei den jeweiligen Betreibern. Zum Zeitpunkt der Verlinkung waren auf diesen Websites keine illegalen Inhalte erkennbar. Sollten der Otto-von-Guericke-Universit\u00e4t Magdeburg nach der Verlinkung illegale Inhalte bekannt werden, wird sie diese Verweise auf fremde Webseiten unverz\u00fcglich aus ihrem Informationsangebot entfernen.<\/p>\n\n\n\n<p>Die Otto-von-Guericke-Universit\u00e4t Magdeburg hat keinen Einfluss auf die Gestaltung, die Inhalte oder die Urheberschaft der verlinkten Seiten. Sie distanziert sich ausdr\u00fccklich von allen Inhalten der verlinkten Seiten, die nach der Verlinkung ver\u00e4ndert wurden. Vorstehendes gilt f\u00fcr alle innerhalb des Internetangebotes der Otto-von-Guericke-Universit\u00e4t Magdeburg gesetzten Links und Verweise sowie f\u00fcr Fremdeintr\u00e4ge in vom jeweiligen Autor eingerichteten G\u00e4steb\u00fcchern, Diskussionsforen, Linkverzeichnissen, Mailinglisten und in allen anderen Formen von Datenbanken, auf deren Inhalt externe Schreibzugriffe m\u00f6glich sind. F\u00fcr illegale, fehlerhafte oder unvollst\u00e4ndige Inhalte und insbesondere f\u00fcr Sch\u00e4den, die aus der Nutzung oder Nichtnutzung derart dargebotener Informationen entstehen, haftet allein der Autor der Seite, auf welche verwiesen wurde.<\/p>\n\n\n\n<p><strong>Urheber- und Kennzeichenrecht<\/strong><\/p>\n\n\n\n<p>Das Logo der Otto-von-Guericke-Universit\u00e4t Magdeburg ist als gesch\u00fctzte Wort-Bild-Marke markenrechtlich registriert. Die Otto-von-Guericke-Universit\u00e4t Magdeburg ist bestrebt, die Urheberrechte der verwendeten Bilder, Graphiken, Tondokumente, Videosequenzen und Texte (nachfolgend \u201eObjekte\u201c genannt) zu beachten, von ihr selbst erstellte Objekte zu nutzen oder auf lizenzfreie Objekte zur\u00fcckzugreifen. Alle auf dieser Webseite genannten und ggf. durch Dritte gesch\u00fctzten Marken- und Warenzeichen unterliegen den Regelungen des jeweils geltenden Kennzeichenrechts und den Besitzrechten der jeweils eingetragenen Eigent\u00fcmer. Eine blo\u00dfe Nennung der Marken- und Warenzeichen bedeutet nicht, dass diese nicht durch Rechte Dritter gesch\u00fctzt sind. Das Copyright f\u00fcr die auf dieser Webseite von der Otto-von-Guericke-Universit\u00e4t Magdeburg erstellten Objekte liegt bei der Otto-von-Guericke-Universit\u00e4t Magdeburg. Ohne Zustimmung der Otto-von-Guericke-Universit\u00e4t Magdeburg ist eine Vervielf\u00e4ltigung oder Verwendung solcher Objekte in anderen elektronischen oder gedruckten Publikationen nicht zul\u00e4ssig.<\/p>\n\n\n\n<p><strong>Datenschutz:<\/strong><\/p>\n\n\n\n<p>Gem. \u00a7 13 Abs. 1 Satz 1 Telemediengesetz hat der Diensteanbieter den Nutzer zu Beginn des Nutzungsvorgangs unter anderem \u00fcber Art, Umfang und Zwecke der Erhebung und Verwendung personenbezogener Daten in allgemein verst\u00e4ndlicher Form zu unterrichten, sofern eine solche Unterrichtung nicht bereits erfolgt ist. Die Otto-von-Guericke-Universit\u00e4t Magdeburg verarbeitet Daten ausschlie\u00dflich nach den jeweils geltenden Vorschriften des Gesetzes zum Schutz personenbezogener Daten der B\u00fcrger (DSG-LSA). Sofern innerhalb des Internetangebotes der Otto-von-Guericke-Universit\u00e4t Magdeburg pers\u00f6nliche oder gesch\u00e4ftliche Daten (Emailadressen, Namen, Anschriften) eingegeben werden k\u00f6nnen, erfolgt die Preisgabe dieser Daten seitens des Nutzers ausdr\u00fccklich auf freiwilliger Basis. Die Inanspruchnahme aller angebotenen Dienste ist, soweit technisch m\u00f6glich, auch ohne Angabe solcher Daten bzw. unter Angabe anonymisierter Daten oder eines Pseudonyms gestattet. Nicht gestattet ist die Nutzung der im Rahmen des Impressums oder vergleichbarer Angaben ver\u00f6ffentlichten Kontaktdaten, z. B. Postanschriften, Telefon- und Faxnummern sowie Emailadressen durch Dritte zur \u00dcbersendung von nicht ausdr\u00fccklich angeforderten Informationen. Rechtliche Schritte gegen die Versender von sogenannten Spam-Mails bei Verst\u00f6\u00dfen gegen dieses Verbot sind ausdr\u00fccklich vorbehalten.<\/p>\n","protected":false},"excerpt":{"rendered":"<p>Die Otto-von-Guericke-Universit\u00e4t Magdeburg ist eine K\u00f6rperschaft des \u00f6ffentlichen Rechts.Sie wird vertreten durch den Rektor:Prof. Dr.-Ing. Jens StrackeljanUniversit\u00e4tsplatz 2D-39106 MagdeburgTelefon: 49-(0)391-6701 (Telefonzentrale)Telefax: 49-(0)391-67-11157E-Mail: rektor@ovgu.de Zust\u00e4ndige Aufsichtsbeh\u00f6rde:Ministerium f\u00fcr Wissenschaft und Wirtschaft des &#8230;<\/p>\n","protected":false},"author":1,"featured_media":0,"parent":0,"menu_order":0,"comment_status":"closed","ping_status":"closed","template":"","meta":{"footnotes":""},"class_list":["post-97","page","type-page","status-publish","hentry"],"_links":{"self":[{"href":"https:\/\/risk-quickcheck.de\/index.php?rest_route=\/wp\/v2\/pages\/97"}],"collection":[{"href":"https:\/\/risk-quickcheck.de\/index.php?rest_route=\/wp\/v2\/pages"}],"about":[{"href":"https:\/\/risk-quickcheck.de\/index.php?rest_route=\/wp\/v2\/types\/page"}],"author":[{"embeddable":true,"href":"https:\/\/risk-quickcheck.de\/index.php?rest_route=\/wp\/v2\/users\/1"}],"replies":[{"embeddable":true,"href":"https:\/\/risk-quickcheck.de\/index.php?rest_route=%2Fwp%2Fv2%2Fcomments&post=97"}],"version-history":[{"count":1,"href":"https:\/\/risk-quickcheck.de\/index.php?rest_route=\/wp\/v2\/pages\/97\/revisions"}],"predecessor-version":[{"id":98,"href":"https:\/\/risk-quickcheck.de\/index.php?rest_route=\/wp\/v2\/pages\/97\/revisions\/98"}],"wp:attachment":[{"href":"https:\/\/risk-quickcheck.de\/index.php?rest_route=%2Fwp%2Fv2%2Fmedia&parent=97"}],"curies":[{"name":"wp","href":"https:\/\/api.w.org\/{rel}","templated":true}]}}